{"id":4584,"date":"2019-02-01T06:06:41","date_gmt":"2019-02-01T06:06:41","guid":{"rendered":"https:\/\/cncbhfmetal.com\/o-nama\/"},"modified":"2020-12-16T21:04:13","modified_gmt":"2020-12-16T20:04:13","slug":"uberuns","status":"publish","type":"page","link":"https:\/\/cncbhfmetal.com\/de\/uberuns\/","title":{"rendered":"\u00dcber uns"},"content":{"rendered":"<p>[vc_row tm_bgimagefixed=&#8220;&#8220; break_in_responsive=&#8220;991&#8243; full_width=&#8220;stretch_row&#8220; tm_responsive_css=&#8220;59354957|colbreak_no|||||||||colbreak_no|||||40px||||colbreak_no||||||||||colbreak_no|||||||||&#8220; css=&#8220;.vc_custom_1549002470055{padding-bottom: 0px !important;}&#8220;][vc_column reduce_extra_padding=&#8220;991&#8243; width=&#8220;5\/12&#8243; css=&#8220;.vc_custom_1548237107691{background-position: center !important;background-repeat: no-repeat !important;background-size: cover !important;}&#8220;][vc_single_image image=&#8220;4745&#8243; img_size=&#8220;full&#8220; alignment=&#8220;center&#8220;][\/vc_column][vc_column reduce_extra_padding=&#8220;991&#8243; width=&#8220;7\/12&#8243; css=&#8220;.vc_custom_1548237062663{padding-left: 35px !important;}&#8220;]<div class=\"tm-element-heading-wrapper tm-heading-inner tm-element-align-left tm-seperator-solid tm-heading-style-vertical \"><section class=\"tm-vc_cta3-container\"><div class=\"tm-vc_general tm-vc_cta3 tm-cta3-only tm-vc_cta3-style-classic tm-vc_cta3-shape-rounded tm-vc_cta3-align-left tm-vc_cta3-color-transparent tm-vc_cta3-icon-size-md tm-vc_cta3-actions-no tm-cta3-without-desc\"><div class=\"tm-vc_cta3_content-container\"><div class=\"tm-vc_cta3-content\"><header class=\"tm-vc_cta3-content-header tm-wrap\"><div class=\"tm-vc_cta3-headers tm-wrap-cell\"><h4 class=\"tm-custom-heading \" >Uns treffen<\/h4>\n<h2 class=\"tm-custom-heading \" >\u00dcber uns<\/h2>\n<\/div><\/header><\/div><\/div><\/div><\/section><\/div> <!-- .tm-element-heading-wrapper container --> [vc_column_text]<strong>CNC BHF Metal f\u00fchrt die Metallbearbeitung mit modernen Ger\u00e4ten und den neuesten technischen Errungenschaften auf diesem Gebiet f\u00fcr die Serien- und Einzelproduktion durch.<\/strong><\/p>\n<p>Wir starten 2014 unsere eigene Produktion unter dem Namen CNC N &amp; K Tehnik Centar. In Zusammenarbeit mit renommierten EU-Herstellern werden wir 2016 zu 100% Exporteure nach Deutschland und sammeln so Erfahrung und Vertrauen, um 2019 einen Gesch\u00e4ftsvertrag zu unterzeichnen und Akquisitionen mit der Ringspan Group zu t\u00e4tigen. Die Metallbearbeitung erfolgt auf CNC-Maschinen nach 2D \/ 3D-Modellen, die in CAD-Programmen erstellt wurden.<\/p>\n<p>Neben der Modellentwicklung bieten wir auch CAD \/ CAM-Programmierservices an. F\u00fcr Unternehmen, die ihre eigenen Ressourcen auff\u00fcllen m\u00fcssen, um hohe Standards zu erf\u00fcllen, haben wir Ingenieure und Designer mit nachweislicher Erfahrung und Wissen, die sich schnell in Ihr Projektteam integrieren k\u00f6nnen.<\/p>\n<p>Das Material wird gr\u00f6\u00dftenteils in den Zeichnungen des Kunden definiert, und bei Bedarf k\u00f6nnen wir die Beschaffung und Vorbereitung von Materialien bestimmen und angehen. Wir sind sehr flexibel und pr\u00e4zise, \u200b\u200bso dass wir jeden Kunden zufrieden stellen k\u00f6nnen, indem wir einzelne und kleinere Serienteile von kleinen bis gro\u00dfen Abmessungen sowie Pr\u00e4zisionsteile mit unterschiedlichen Formen und Oberfl\u00e4chen herstellen.[\/vc_column_text][\/vc_column][\/vc_row]<\/p>\n","protected":false},"excerpt":{"rendered":"<p>[vc_row tm_bgimagefixed=&#8220;&#8220; break_in_responsive=&#8220;991&#8243; full_width=&#8220;stretch_row&#8220; tm_responsive_css=&#8220;59354957|colbreak_no|||||||||colbreak_no|||||40px||||colbreak_no||||||||||colbreak_no|||||||||&#8220; css=&#8220;.vc_custom_1549002470055{padding-bottom: 0px !important;}&#8220;][vc_column reduce_extra_padding=&#8220;991&#8243; width=&#8220;5\/12&#8243; css=&#8220;.vc_custom_1548237107691{background-position: center !important;background-repeat: no-repeat !important;background-size: cover !important;}&#8220;][vc_single_image image=&#8220;4745&#8243; img_size=&#8220;full&#8220; alignment=&#8220;center&#8220;][\/vc_column][vc_column reduce_extra_padding=&#8220;991&#8243; width=&#8220;7\/12&#8243; css=&#8220;.vc_custom_1548237062663{padding-left: 35px !important;}&#8220;][vc_column_text]CNC BHF Metal f\u00fchrt die Metallbearbeitung mit modernen Ger\u00e4ten und den neuesten technischen Errungenschaften auf diesem Gebiet f\u00fcr die Serien- und Einzelproduktion durch. Wir starten 2014 unsere eigene Produktion unter dem &hellip; <a href=\"https:\/\/cncbhfmetal.com\/de\/uberuns\/\" class=\"more-link\">Continue reading <span class=\"screen-reader-text\">\u00dcber uns<\/span><\/a><\/p>\n","protected":false},"author":1,"featured_media":0,"parent":0,"menu_order":9,"comment_status":"closed","ping_status":"closed","template":"","meta":{"inline_featured_image":false},"_links":{"self":[{"href":"https:\/\/cncbhfmetal.com\/de\/wp-json\/wp\/v2\/pages\/4584"}],"collection":[{"href":"https:\/\/cncbhfmetal.com\/de\/wp-json\/wp\/v2\/pages"}],"about":[{"href":"https:\/\/cncbhfmetal.com\/de\/wp-json\/wp\/v2\/types\/page"}],"author":[{"embeddable":true,"href":"https:\/\/cncbhfmetal.com\/de\/wp-json\/wp\/v2\/users\/1"}],"replies":[{"embeddable":true,"href":"https:\/\/cncbhfmetal.com\/de\/wp-json\/wp\/v2\/comments?post=4584"}],"version-history":[{"count":5,"href":"https:\/\/cncbhfmetal.com\/de\/wp-json\/wp\/v2\/pages\/4584\/revisions"}],"predecessor-version":[{"id":4923,"href":"https:\/\/cncbhfmetal.com\/de\/wp-json\/wp\/v2\/pages\/4584\/revisions\/4923"}],"wp:attachment":[{"href":"https:\/\/cncbhfmetal.com\/de\/wp-json\/wp\/v2\/media?parent=4584"}],"curies":[{"name":"wp","href":"https:\/\/api.w.org\/{rel}","templated":true}]}}