{"id":4592,"date":"2019-02-02T04:41:50","date_gmt":"2019-02-02T04:41:50","guid":{"rendered":"https:\/\/cncbhfmetal.com\/usluge\/"},"modified":"2021-01-28T22:46:03","modified_gmt":"2021-01-28T21:46:03","slug":"leistungen","status":"publish","type":"page","link":"https:\/\/cncbhfmetal.com\/de\/leistungen\/","title":{"rendered":"Leistungen"},"content":{"rendered":"<p>[vc_row][vc_column]<h4 style=\"text-align:left;\" class=\"tm-custom-heading \" >Leistungen<\/h4>\n[vc_row_inner][vc_column_inner reduce_extra_padding=&#8220;991&#8243; width=&#8220;1\/2&#8243;][vc_single_image image=&#8220;4725&#8243; img_size=&#8220;full&#8220; alignment=&#8220;center&#8220;][\/vc_column_inner][vc_column_inner reduce_extra_padding=&#8220;991&#8243; width=&#8220;1\/2&#8243;][\/vc_column_inner][\/vc_row_inner][vc_column_text]CNC BHF METAL &#8211; unsere Hauptt\u00e4tigkeit ist die Metallbearbeitung f\u00fcr die Einzel- und Serienfertigung. Hier heben wir hervor:<\/p>\n<ul>\n<li>CNC-Drehen<\/li>\n<li>CNC-Fr\u00e4sen<\/li>\n<li>Schneiden (S\u00e4geschneiden)<\/li>\n<\/ul>\n<p>Einige der Operationen sind: Schaben, Bohren, Einf\u00e4deln, Zerkleinern, Hobeln. Mit den perfektesten Werkzeugen und Maschinenleistungen k\u00f6nnen wir die Anforderungen der Zeichnungen erf\u00fcllen, wie z.<\/p>\n<ul>\n<li>Oberfl\u00e4chenrauheit<\/li>\n<li>Produktgenauigkeit<\/li>\n<li>Produktkreis<\/li>\n<li>Produktparallelit\u00e4t usw.<\/li>\n<\/ul>\n<p>Dar\u00fcber hinaus verf\u00fcgen wir \u00fcber die entsprechende Ausr\u00fcstung, um die Qualit\u00e4t der hergestellten Produkte zu \u00fcberpr\u00fcfen.<\/p>\n<p>Wir verarbeiten alle Arten von Metallen: Stahl, Leichtmetalle und Kunststoffe. Da wir Einzel- und Serienproduktion betreiben k\u00f6nnen, k\u00f6nnen wir Teil kleiner, mittlerer und gro\u00dfer Unternehmen sein. Wir k\u00f6nnen ein fertiges Produkt, ein halbfertiges Produkt und einen Service anbieten. Wir sind in der Lage, alle Arten von Materialien mit den entsprechenden Spezifikationen und Zertifikaten zu beschaffen. Neben der Qualit\u00e4t legen wir gr\u00f6\u00dften Wert auf Zeit und verpflichten uns daher, die vereinbarten Fristen einzuhalten.[\/vc_column_text][\/vc_column][\/vc_row][vc_row tm_bgimagefixed=&#8220;&#8220; css=&#8220;.vc_custom_1605184864247{padding-bottom: 0px !important;}&#8220; tm_responsive_css=&#8220;57428723|colbreak_no|||||||||colbreak_no|||||||0px||colbreak_no||||||||||colbreak_no|||||||||&#8220;][vc_column]<h5 style=\"text-align:left;\" class=\"tm-custom-heading \" >Maschinenpark<\/h5>\n[vc_row_inner][vc_column_inner reduce_extra_padding=&#8220;991&#8243; width=&#8220;1\/2&#8243;][vc_single_image image=&#8220;4525&#8243; img_size=&#8220;full&#8220; alignment=&#8220;center&#8220;][vc_single_image image=&#8220;4732&#8243; img_size=&#8220;full&#8220; alignment=&#8220;center&#8220;][\/vc_column_inner][vc_column_inner reduce_extra_padding=&#8220;991&#8243; width=&#8220;1\/2&#8243;][vc_single_image image=&#8220;4729&#8243; img_size=&#8220;full&#8220; alignment=&#8220;center&#8220;][vc_single_image image=&#8220;4735&#8243; img_size=&#8220;full&#8220; alignment=&#8220;center&#8220;][\/vc_column_inner][\/vc_row_inner][vc_row_inner][vc_column_inner]<ul class=\"tm-list tm-list-style-icon tm-list-icon-color-skincolor tm- tm-icon-skincolor tm-list-textsize- tm-list-icon-library-fontawesome\"><li><i class=\"tm-skincolor fa fa-check-square\"><\/i>  <span class=\"tm-list-li-content\">Kratzl\u00e4nge 508 mm<\/span><\/li><li><i class=\"tm-skincolor fa fa-check-square\"><\/i>  <span class=\"tm-list-li-content\">Drehung 262 mm<\/span><\/li><li><i class=\"tm-skincolor fa fa-check-square\"><\/i>  <span class=\"tm-list-li-content\">X-Achse = 203 mm<\/span><\/li><li><i class=\"tm-skincolor fa fa-check-square\"><\/i>  <span class=\"tm-list-li-content\">Z-Achse = 508 mm<\/span><\/li><li><i class=\"tm-skincolor fa fa-check-square\"><\/i>  <span class=\"tm-list-li-content\">Spindel\u00f6ffnung 60 mm<\/span><\/li><li><i class=\"tm-skincolor fa fa-check-square\"><\/i>  <span class=\"tm-list-li-content\">Revolver-Werkzeug 10 VDI<\/span><\/li><li><i class=\"tm-skincolor fa fa-check-square\"><\/i>  <span class=\"tm-list-li-content\">Zentrierspitze<\/span><\/li><li><i class=\"tm-skincolor fa fa-check-square\"><\/i>  <span class=\"tm-list-li-content\">Volle C-Achse<\/span><\/li><li><i class=\"tm-skincolor fa fa-check-square\"><\/i>  <span class=\"tm-list-li-content\">Verfolgte Werkzeuge<\/span><\/li><li><i class=\"tm-skincolor fa fa-check-square\"><\/i>  <span class=\"tm-list-li-content\">Motorleistung 15 kW<\/span><\/li><li><i class=\"tm-skincolor fa fa-check-square\"><\/i>  <span class=\"tm-list-li-content\">Gewicht 4,2 t<\/span><\/li><li><i class=\"tm-skincolor fa fa-check-square\"><\/i>  <span class=\"tm-list-li-content\">4000 o\/ min<\/span><\/li><\/ul>[\/vc_column_inner][\/vc_row_inner][\/vc_column][\/vc_row][vc_row tm_bgimagefixed=&#8220;&#8220; css=&#8220;.vc_custom_1605184864247{padding-bottom: 0px !important;}&#8220; tm_responsive_css=&#8220;57428723|colbreak_no|||||||||colbreak_no|||||||0px||colbreak_no||||||||||colbreak_no|||||||||&#8220;][vc_column]<h5 style=\"text-align:left;\" class=\"tm-custom-heading \" >Pegas Gonda 230x280<\/h5>\n[vc_row_inner][vc_column_inner reduce_extra_padding=&#8220;991&#8243; width=&#8220;1\/2&#8243;][vc_single_image image=&#8220;4987&#8243; img_size=&#8220;full&#8220; alignment=&#8220;center&#8220;][\/vc_column_inner][vc_column_inner reduce_extra_padding=&#8220;991&#8243; width=&#8220;1\/2&#8243;][vc_single_image image=&#8220;4965&#8243; img_size=&#8220;full&#8220; alignment=&#8220;center&#8220;][\/vc_column_inner][\/vc_row_inner][\/vc_column][\/vc_row][vc_row tm_bgimagefixed=&#8220;&#8220; css=&#8220;.vc_custom_1611868801223{padding-bottom: 0px !important;}&#8220; tm_responsive_css=&#8220;57428723|colbreak_no|||||||||colbreak_no|||||||0px||colbreak_no||||||||||colbreak_no|||||||||&#8220;][vc_column]<h5 style=\"text-align:left;\" class=\"tm-custom-heading \" >HAAS VF2<\/h5>\n[vc_row_inner][vc_column_inner reduce_extra_padding=&#8220;991&#8243; width=&#8220;1\/2&#8243;][vc_single_image image=&#8220;4975&#8243; img_size=&#8220;full&#8220; alignment=&#8220;center&#8220;][vc_single_image image=&#8220;4981&#8243; img_size=&#8220;full&#8220; alignment=&#8220;center&#8220;][\/vc_column_inner][vc_column_inner reduce_extra_padding=&#8220;991&#8243; width=&#8220;1\/2&#8243;][vc_single_image image=&#8220;4978&#8243; img_size=&#8220;full&#8220; alignment=&#8220;center&#8220;][vc_single_image image=&#8220;4984&#8243; img_size=&#8220;full&#8220; alignment=&#8220;center&#8220;][\/vc_column_inner][\/vc_row_inner][vc_row_inner][vc_column_inner]<ul class=\"tm-list tm-list-style-icon tm-list-icon-color-skincolor tm- tm-icon-skincolor tm-list-textsize- tm-list-icon-library-fontawesome\"><li><i class=\"tm-skincolor fa fa-check-square\"><\/i>  <span class=\"tm-list-li-content\">762x406x508 XYZ <\/span><\/li><li><i class=\"tm-skincolor fa fa-check-square\"><\/i>  <span class=\"tm-list-li-content\">work table 914x356mm<\/span><\/li><li><i class=\"tm-skincolor fa fa-check-square\"><\/i>  <span class=\"tm-list-li-content\">SK40 main spindle<\/span><\/li><li><i class=\"tm-skincolor fa fa-check-square\"><\/i>  <span class=\"tm-list-li-content\">Haas Vector drive 20HP<\/span><\/li><li><i class=\"tm-skincolor fa fa-check-square\"><\/i>  <span class=\"tm-list-li-content\">tool changer type umbrella 20 pocket<\/span><\/li><li><i class=\"tm-skincolor fa fa-check-square\"><\/i>  <span class=\"tm-list-li-content\">CRT screen, SQ M09.xx<\/span><\/li><li><i class=\"tm-skincolor fa fa-check-square\"><\/i>  <span class=\"tm-list-li-content\">Memory 1Mb, Rs232<\/span><\/li><li><i class=\"tm-skincolor fa fa-check-square\"><\/i>  <span class=\"tm-list-li-content\">coolant tank 155 l<\/span><\/li><li><i class=\"tm-skincolor fa fa-check-square\"><\/i>  <span class=\"tm-list-li-content\">coolant pump 3\/4HP<\/span><\/li><li><i class=\"tm-skincolor fa fa-check-square\"><\/i>  <span class=\"tm-list-li-content\">main spindle max. 7500 okr\/min<\/span><\/li><li><i class=\"tm-skincolor fa fa-check-square\"><\/i>  <span class=\"tm-list-li-content\">GBX - Automatic gearbox 2 gear \/ 339NM<\/span><\/li><li><i class=\"tm-skincolor fa fa-check-square\"><\/i>  <span class=\"tm-list-li-content\">AUGER - Chip Removal System<\/span><\/li><li><i class=\"tm-skincolor fa fa-check-square\"><\/i>  <span class=\"tm-list-li-content\">P-COOL Programmable Coolant Nozzle<\/span><\/li><li><i class=\"tm-skincolor fa fa-check-square\"><\/i>  <span class=\"tm-list-li-content\">MACRO User Definable Macros<\/span><\/li><li><i class=\"tm-skincolor fa fa-check-square\"><\/i>  <span class=\"tm-list-li-content\">Rot&SC Coordinate Rotation and Scaling<\/span><\/li><li><i class=\"tm-skincolor fa fa-check-square\"><\/i>  <span class=\"tm-list-li-content\">RTAP - Rigid tapping<\/span><\/li><li><i class=\"tm-skincolor fa fa-check-square\"><\/i>  <span class=\"tm-list-li-content\">COL_VF2 - Coloring most of sheet metals \/ covers, VF-2<\/span><\/li><li><i class=\"tm-skincolor fa fa-check-square\"><\/i>  <span class=\"tm-list-li-content\">TS27R - Renishaw tool preseter \/ USED<\/span><\/li><\/ul>[\/vc_column_inner][\/vc_row_inner][\/vc_column][\/vc_row]<\/p>\n","protected":false},"excerpt":{"rendered":"<p>[vc_row][vc_column][vc_row_inner][vc_column_inner reduce_extra_padding=&#8220;991&#8243; width=&#8220;1\/2&#8243;][vc_single_image image=&#8220;4725&#8243; img_size=&#8220;full&#8220; alignment=&#8220;center&#8220;][\/vc_column_inner][vc_column_inner reduce_extra_padding=&#8220;991&#8243; width=&#8220;1\/2&#8243;][\/vc_column_inner][\/vc_row_inner][vc_column_text]CNC BHF METAL &#8211; unsere Hauptt\u00e4tigkeit ist die Metallbearbeitung f\u00fcr die Einzel- und Serienfertigung. Hier heben wir hervor: CNC-Drehen CNC-Fr\u00e4sen Schneiden (S\u00e4geschneiden) Einige der Operationen sind: Schaben, Bohren, Einf\u00e4deln, Zerkleinern, Hobeln. Mit den perfektesten Werkzeugen und Maschinenleistungen k\u00f6nnen wir die Anforderungen der Zeichnungen erf\u00fcllen, wie z. Oberfl\u00e4chenrauheit Produktgenauigkeit &hellip; <a href=\"https:\/\/cncbhfmetal.com\/de\/leistungen\/\" class=\"more-link\">Continue reading <span class=\"screen-reader-text\">Leistungen<\/span><\/a><\/p>\n","protected":false},"author":1,"featured_media":0,"parent":0,"menu_order":11,"comment_status":"closed","ping_status":"closed","template":"","meta":{"inline_featured_image":false},"_links":{"self":[{"href":"https:\/\/cncbhfmetal.com\/de\/wp-json\/wp\/v2\/pages\/4592"}],"collection":[{"href":"https:\/\/cncbhfmetal.com\/de\/wp-json\/wp\/v2\/pages"}],"about":[{"href":"https:\/\/cncbhfmetal.com\/de\/wp-json\/wp\/v2\/types\/page"}],"author":[{"embeddable":true,"href":"https:\/\/cncbhfmetal.com\/de\/wp-json\/wp\/v2\/users\/1"}],"replies":[{"embeddable":true,"href":"https:\/\/cncbhfmetal.com\/de\/wp-json\/wp\/v2\/comments?post=4592"}],"version-history":[{"count":11,"href":"https:\/\/cncbhfmetal.com\/de\/wp-json\/wp\/v2\/pages\/4592\/revisions"}],"predecessor-version":[{"id":4993,"href":"https:\/\/cncbhfmetal.com\/de\/wp-json\/wp\/v2\/pages\/4592\/revisions\/4993"}],"wp:attachment":[{"href":"https:\/\/cncbhfmetal.com\/de\/wp-json\/wp\/v2\/media?parent=4592"}],"curies":[{"name":"wp","href":"https:\/\/api.w.org\/{rel}","templated":true}]}}