{"id":4600,"date":"2019-02-04T08:25:14","date_gmt":"2019-02-04T08:25:14","guid":{"rendered":"https:\/\/cncbhfmetal.com\/kontakt\/"},"modified":"2020-12-12T15:13:58","modified_gmt":"2020-12-12T14:13:58","slug":"kontakt","status":"publish","type":"page","link":"https:\/\/cncbhfmetal.com\/de\/kontakt\/","title":{"rendered":"Kontakt"},"content":{"rendered":"<p>[vc_row tm_bgimagefixed=&#8220;&#8220; full_width=&#8220;stretch_row&#8220; css=&#8220;.vc_custom_1604759540163{padding-top: 120px !important;padding-bottom: 25px !important;}&#8220; tm_responsive_css=&#8220;55639100|colbreak_no|||||||||colbreak_no|||||45px||115px||colbreak_no||||||||||colbreak_no|||||||||&#8220;][vc_column width=&#8220;7\/12&#8243; css=&#8220;.vc_custom_1550064056914{padding-right: 60px !important;}&#8220; tm_responsive_css=&#8220;63016091|colbreak_no|||||||||colbreak_no|||||||||colbreak_no||||||15px|40px|||colbreak_no|||||||||&#8220;]<div class=\"tm-element-heading-wrapper tm-heading-inner tm-element-align-left tm-seperator-solid tm-heading-style-vertical \"><section class=\"tm-vc_cta3-container\"><div class=\"tm-vc_general tm-vc_cta3 tm-cta3-only tm-vc_cta3-style-classic tm-vc_cta3-shape-rounded tm-vc_cta3-align-left tm-vc_cta3-color-transparent tm-vc_cta3-icon-size-md tm-vc_cta3-actions-no tm-cta3-with-desc\"><div class=\"tm-vc_cta3_content-container\"><div class=\"tm-vc_cta3-content\"><header class=\"tm-vc_cta3-content-header tm-wrap\"><div class=\"tm-vc_cta3-headers tm-wrap-cell\"><h4 class=\"tm-custom-heading \" >CNC BHF MEAL<\/h4>\n<h2 class=\"tm-custom-heading \" >Kontakt<\/h2>\n<\/div><\/header><div class=\"tm-cta3-content-wrapper\"><p>Ukoliko imate bilo kakav upit i \u017eelite stupiti u kontakt sa na\u0161om Upravom, mo\u017eete to uraditi putem dostupnih telefona ili kontakt forme.<\/p><\/div><\/div><\/div><\/div><\/section><\/div> <!-- .tm-element-heading-wrapper container --> [vc_row_inner][vc_column_inner]<div class=\"wpcf7 no-js\" id=\"wpcf7-f4626-o1\" lang=\"en-US\" dir=\"ltr\">\n<div class=\"screen-reader-response\"><p role=\"status\" aria-live=\"polite\" aria-atomic=\"true\"><\/p> <ul><\/ul><\/div>\n<form action=\"\/de\/wp-json\/wp\/v2\/pages\/4600#wpcf7-f4626-o1\" method=\"post\" class=\"wpcf7-form init\" aria-label=\"Contact form\" novalidate=\"novalidate\" data-status=\"init\">\n<div style=\"display: none;\">\n<input type=\"hidden\" name=\"_wpcf7\" value=\"4626\" \/>\n<input type=\"hidden\" name=\"_wpcf7_version\" value=\"5.7\" \/>\n<input type=\"hidden\" name=\"_wpcf7_locale\" value=\"en_US\" \/>\n<input type=\"hidden\" name=\"_wpcf7_unit_tag\" value=\"wpcf7-f4626-o1\" \/>\n<input type=\"hidden\" name=\"_wpcf7_container_post\" value=\"0\" \/>\n<input type=\"hidden\" name=\"_wpcf7_posted_data_hash\" value=\"\" \/>\n<\/div>\n<div class=\"tm-commonform contactform-1\">\n\t<p><br \/>\n\t<\/p>\n\t<div class=\"row\">\n\t\t<p><br \/>\n\t\t<\/p>\n\t\t<div class=\"col-md-12\">\n\t\t\t<div class=\"field-group\">\n\t\t\t\t<p><i class=\"tm-skincolor ti-user\"><\/i><span class=\"wpcf7-form-control-wrap\" data-name=\"your-name\"><input size=\"40\" class=\"wpcf7-form-control wpcf7-text wpcf7-validates-as-required\" aria-required=\"true\" aria-invalid=\"false\" placeholder=\"Your name \/ Company name\" value=\"\" type=\"text\" name=\"your-name\" \/><\/span>\n\t\t\t\t<\/p>\n\t\t\t<\/div>\n\t\t<\/div>\n\t\t<p><br \/>\n\t\t<\/p>\n\t<\/div>\n\t<p><br \/>\n\t<\/p>\n\t<div class=\"row\">\n\t\t<p><br \/>\n\t\t<\/p>\n\t\t<div class=\"col-md-12\">\n\t\t\t<div class=\"field-group\">\n\t\t\t\t<p><i class=\"tm-skincolor ti-email\"><\/i><span class=\"wpcf7-form-control-wrap\" data-name=\"your-email\"><input size=\"40\" class=\"wpcf7-form-control wpcf7-text wpcf7-email wpcf7-validates-as-required wpcf7-validates-as-email\" aria-required=\"true\" aria-invalid=\"false\" placeholder=\"E-mail\" value=\"\" type=\"email\" name=\"your-email\" \/><\/span>\n\t\t\t\t<\/p>\n\t\t\t<\/div>\n\t\t<\/div>\n\t\t<p><br \/>\n\t\t<\/p>\n\t<\/div>\n\t<p><br \/>\n\t<\/p>\n\t<div class=\"row\">\n\t\t<p><br \/>\n\t\t<\/p>\n\t\t<div class=\"col-md-12\">\n\t\t\t<div class=\"field-group\">\n\t\t\t\t<p><i class=\"tm-skincolor ti-comment\"><\/i><span class=\"wpcf7-form-control-wrap\" data-name=\"your-message\"><textarea cols=\"40\" rows=\"1\" class=\"wpcf7-form-control wpcf7-textarea wpcf7-validates-as-required\" aria-required=\"true\" aria-invalid=\"false\" placeholder=\"Message\" name=\"your-message\"><\/textarea><\/span>\n\t\t\t\t<\/p>\n\t\t\t<\/div>\n\t\t<\/div>\n\t\t<p><br \/>\n\t\t<\/p>\n\t<\/div>\n\t<p><br \/>\n\t<\/p>\n\t<div>\n\t\t<p><input class=\"wpcf7-form-control has-spinner wpcf7-submit tm-vc_general tm-vc_btn3 tm-vc_btn3-shape-square tm-vc_btn3-color-black tm-vc_btn3-style-outline\" type=\"submit\" value=\"SEND\" \/>\n\t\t<\/p>\n\t<div class=\"wpcf7-response-output\" aria-hidden=\"true\"><\/div>\n\t<\/div>\n\t<p><br \/>\n\t<\/p>\n<\/div><\/form><\/div>[\/vc_column_inner][\/vc_row_inner][\/vc_column][vc_column tm_bgcolor=&#8220;white&#8220; tm_shadow=&#8220;yes&#8220; width=&#8220;5\/12&#8243; el_class=&#8220;tm-rounded-shadow-box&#8220;][vc_row_inner css=&#8220;.vc_custom_1550064129482{padding-top: 40px !important;padding-right: 50px !important;padding-bottom: 20px !important;padding-left: 50px !important;}&#8220; tm_responsive_css=&#8220;77368950|colbreak_no|||||||||colbreak_no|||||||||colbreak_no|||||25px|20px|5px|20px||colbreak_no|||||||||&#8220;][vc_column_inner]<h4 style=\"text-align:left;\" class=\"tm-custom-heading \" >Information<\/h4>\n<ul class=\"boldman_contact_widget_wrapper themetechmount_vc_contact_wrapper\"><li class=\"themetechmount-contact-address  tm-boldman-icon-location-pin\">Die Stra\u00dfe Sarajevska bb<br \/>\n77220 Cazin, Bosna i Hercegovina<\/li><li class=\"themetechmount-contact-phonenumber tm-boldman-icon-mobile\">+387 62 260 861<\/li><li class=\"themetechmount-contact-email tm-boldman-icon-comment-1\"><a href=\"mailto:info@cncbhfmetal.com\">info@cncbhfmetal.com<\/a><\/li><li class=\"themetechmount-contact-website tm-boldman-icon-world\"><a href=\"http:\/\/www.cncbhfmetal.com\">http:\/\/www.cncbhfmetal.com<\/a><\/li><li class=\"themetechmount-contact-time tm-boldman-icon-clock\">Mo-Sa: 08-16 Uhr<\/li><\/ul>[vc_column_text css=&#8220;.vc_custom_1550057559191{padding-top: 7px !important;}&#8220;]<div class=\"themetechmount-social-links-wrapper\"><ul class=\"social-icons\"><li class=\"tm-social-instagram\"><a class=\" tooltip-top\" target=\"_blank\" href=\"https:\/\/www.instagram.com\/cnc_bhfmetal\/\" data-tooltip=\"Instagram\"><i class=\"tm-boldman-icon-instagram\"><\/i><\/a><\/li>\n<li class=\"tm-social-facebook\"><a class=\" tooltip-top\" target=\"_blank\" href=\"https:\/\/www.facebook.com\/CNC-BHF-Metal-100485941544990\/\" data-tooltip=\"Facebook\"><i class=\"tm-boldman-icon-facebook\"><\/i><\/a><\/li>\n<\/ul><\/div>[\/vc_column_text][\/vc_column_inner][\/vc_row_inner][\/vc_column][\/vc_row][vc_row tm_bgimagefixed=&#8220;&#8220; full_width=&#8220;stretch_row&#8220; css=&#8220;.vc_custom_1604759572303{padding-top: 20px !important;padding-bottom: 0px !important;}&#8220; tm_responsive_css=&#8220;55639100|colbreak_no|||||||||colbreak_no|||||45px||115px||colbreak_no||||||||||colbreak_no|||||||||&#8220;][vc_column css=&#8220;.vc_custom_1550064056914{padding-right: 60px !important;}&#8220; tm_responsive_css=&#8220;63016091|colbreak_no|||||||||colbreak_no|||||||||colbreak_no||||||15px|40px|||colbreak_no|||||||||&#8220;][vc_gmaps link=&#8220;#E-8_JTNDaWZyYW1lJTIwc3JjJTNEJTIyaHR0cHMlM0ElMkYlMkZ3d3cuZ29vZ2xlLmNvbSUyRm1hcHMlMkZlbWJlZCUzRnBiJTNEJTIxMW0xOCUyMTFtMTIlMjExbTMlMjExZDI4MjIuODA2NjAxNDA5ODE3JTIxMmQxNS45MjUzNTI3MTU4MjM3MjIlMjEzZDQ0Ljk2NzkyMzE3NDQ0MDMlMjEybTMlMjExZjAlMjEyZjAlMjEzZjAlMjEzbTIlMjExaTEwMjQlMjEyaTc2OCUyMTRmMTMuMSUyMTNtMyUyMTFtMiUyMTFzMHg0NzYxNDg1NjY4ZDQzZTMxJTI1M0EweGI0YmU3MWZmY2VjOWFjZWIlMjEyc1NhcmFqZXZza2ElMjUyQyUyNTIwQ2F6aW4lMjE1ZTAlMjEzbTIlMjExc2hyJTIxMnNiYSUyMTR2MTYwNDc1OTI3NDgwNyUyMTVtMiUyMTFzaHIlMjEyc2JhJTIyJTIwd2lkdGglM0QlMjI2MDAlMjIlMjBoZWlnaHQlM0QlMjI0NTAlMjIlMjBmcmFtZWJvcmRlciUzRCUyMjAlMjIlMjBzdHlsZSUzRCUyMmJvcmRlciUzQTAlM0IlMjIlMjBhbGxvd2Z1bGxzY3JlZW4lM0QlMjIlMjIlMjBhcmlhLWhpZGRlbiUzRCUyMmZhbHNlJTIyJTIwdGFiaW5kZXglM0QlMjIwJTIyJTNFJTNDJTJGaWZyYW1lJTNF&#8220;][\/vc_column][\/vc_row]<\/p>\n","protected":false},"excerpt":{"rendered":"<p>[vc_row tm_bgimagefixed=&#8220;&#8220; full_width=&#8220;stretch_row&#8220; css=&#8220;.vc_custom_1604759540163{padding-top: 120px !important;padding-bottom: 25px !important;}&#8220; tm_responsive_css=&#8220;55639100|colbreak_no|||||||||colbreak_no|||||45px||115px||colbreak_no||||||||||colbreak_no|||||||||&#8220;][vc_column width=&#8220;7\/12&#8243; css=&#8220;.vc_custom_1550064056914{padding-right: 60px !important;}&#8220; tm_responsive_css=&#8220;63016091|colbreak_no|||||||||colbreak_no|||||||||colbreak_no||||||15px|40px|||colbreak_no|||||||||&#8220;][vc_row_inner][vc_column_inner][\/vc_column_inner][\/vc_row_inner][\/vc_column][vc_column tm_bgcolor=&#8220;white&#8220; tm_shadow=&#8220;yes&#8220; width=&#8220;5\/12&#8243; el_class=&#8220;tm-rounded-shadow-box&#8220;][vc_row_inner css=&#8220;.vc_custom_1550064129482{padding-top: 40px !important;padding-right: 50px !important;padding-bottom: 20px !important;padding-left: 50px !important;}&#8220; tm_responsive_css=&#8220;77368950|colbreak_no|||||||||colbreak_no|||||||||colbreak_no|||||25px|20px|5px|20px||colbreak_no|||||||||&#8220;][vc_column_inner][vc_column_text css=&#8220;.vc_custom_1550057559191{padding-top: 7px !important;}&#8220;][\/vc_column_text][\/vc_column_inner][\/vc_row_inner][\/vc_column][\/vc_row][vc_row tm_bgimagefixed=&#8220;&#8220; full_width=&#8220;stretch_row&#8220; css=&#8220;.vc_custom_1604759572303{padding-top: 20px !important;padding-bottom: 0px !important;}&#8220; tm_responsive_css=&#8220;55639100|colbreak_no|||||||||colbreak_no|||||45px||115px||colbreak_no||||||||||colbreak_no|||||||||&#8220;][vc_column css=&#8220;.vc_custom_1550064056914{padding-right: 60px !important;}&#8220; tm_responsive_css=&#8220;63016091|colbreak_no|||||||||colbreak_no|||||||||colbreak_no||||||15px|40px|||colbreak_no|||||||||&#8220;][vc_gmaps link=&#8220;#E-8_JTNDaWZyYW1lJTIwc3JjJTNEJTIyaHR0cHMlM0ElMkYlMkZ3d3cuZ29vZ2xlLmNvbSUyRm1hcHMlMkZlbWJlZCUzRnBiJTNEJTIxMW0xOCUyMTFtMTIlMjExbTMlMjExZDI4MjIuODA2NjAxNDA5ODE3JTIxMmQxNS45MjUzNTI3MTU4MjM3MjIlMjEzZDQ0Ljk2NzkyMzE3NDQ0MDMlMjEybTMlMjExZjAlMjEyZjAlMjEzZjAlMjEzbTIlMjExaTEwMjQlMjEyaTc2OCUyMTRmMTMuMSUyMTNtMyUyMTFtMiUyMTFzMHg0NzYxNDg1NjY4ZDQzZTMxJTI1M0EweGI0YmU3MWZmY2VjOWFjZWIlMjEyc1NhcmFqZXZza2ElMjUyQyUyNTIwQ2F6aW4lMjE1ZTAlMjEzbTIlMjExc2hyJTIxMnNiYSUyMTR2MTYwNDc1OTI3NDgwNyUyMTVtMiUyMTFzaHIlMjEyc2JhJTIyJTIwd2lkdGglM0QlMjI2MDAlMjIlMjBoZWlnaHQlM0QlMjI0NTAlMjIlMjBmcmFtZWJvcmRlciUzRCUyMjAlMjIlMjBzdHlsZSUzRCUyMmJvcmRlciUzQTAlM0IlMjIlMjBhbGxvd2Z1bGxzY3JlZW4lM0QlMjIlMjIlMjBhcmlhLWhpZGRlbiUzRCUyMmZhbHNlJTIyJTIwdGFiaW5kZXglM0QlMjIwJTIyJTNFJTNDJTJGaWZyYW1lJTNF&#8220;][\/vc_column][\/vc_row]<\/p>\n","protected":false},"author":1,"featured_media":0,"parent":0,"menu_order":13,"comment_status":"closed","ping_status":"closed","template":"","meta":{"inline_featured_image":false},"_links":{"self":[{"href":"https:\/\/cncbhfmetal.com\/de\/wp-json\/wp\/v2\/pages\/4600"}],"collection":[{"href":"https:\/\/cncbhfmetal.com\/de\/wp-json\/wp\/v2\/pages"}],"about":[{"href":"https:\/\/cncbhfmetal.com\/de\/wp-json\/wp\/v2\/types\/page"}],"author":[{"embeddable":true,"href":"https:\/\/cncbhfmetal.com\/de\/wp-json\/wp\/v2\/users\/1"}],"replies":[{"embeddable":true,"href":"https:\/\/cncbhfmetal.com\/de\/wp-json\/wp\/v2\/comments?post=4600"}],"version-history":[{"count":2,"href":"https:\/\/cncbhfmetal.com\/de\/wp-json\/wp\/v2\/pages\/4600\/revisions"}],"predecessor-version":[{"id":4713,"href":"https:\/\/cncbhfmetal.com\/de\/wp-json\/wp\/v2\/pages\/4600\/revisions\/4713"}],"wp:attachment":[{"href":"https:\/\/cncbhfmetal.com\/de\/wp-json\/wp\/v2\/media?parent=4600"}],"curies":[{"name":"wp","href":"https:\/\/api.w.org\/{rel}","templated":true}]}}